{"id":11315,"date":"2021-04-08T17:28:48","date_gmt":"2021-04-08T20:28:48","guid":{"rendered":"https:\/\/sempreit.com.br\/?page_id=11315"},"modified":"2026-03-20T15:46:41","modified_gmt":"2026-03-20T18:46:41","slug":"termos-de-uso","status":"publish","type":"page","link":"https:\/\/sempreit.com.br\/fr\/termos-de-uso\/","title":{"rendered":"Termos de uso"},"content":{"rendered":"<p><strong>Aceita\u00e7\u00e3o<\/strong><\/p>\n<p>O site sempreit.com.br (o &#8220;site&#8221;) apresenta o documento (&#8220;termos de uso&#8221;) estabelecendo os termos e condi\u00e7\u00f5es aplic\u00e1veis ao uso do site. Por favor, revise os termos de uso cuidadosamente antes de utilizar o site. Ao acessar, navegar ou utilizar o site (&#8220;uso&#8221;), todos os usu\u00e1rios e visitantes (&#8220;voc\u00ea&#8221;, &#8220;voc\u00eas,&#8221; ou &#8220;usu\u00e1rio&#8221;) declaram aceitar os termos e condi\u00e7\u00f5es contidos nestes termos de uso. Caso Voc\u00ea n\u00e3o concorde com os termos e condi\u00e7\u00f5es contidos nestes termos de uso, por favor, n\u00e3o use o site. A Sempre IT reserva-se o direito de atualizar os termos de uso periodicamente. Voc\u00ea deve revisar os termos de uso periodicamente para eventuais atualiza\u00e7\u00f5es e modifica\u00e7\u00f5es.<\/p>\n<p><strong>Elegibilidade<\/strong><\/p>\n<p>A Sempre IT e todos os seus produtos e servi\u00e7os s\u00e3o disponibilizados a voc\u00ea somente se voc\u00ea puder celebrar contratos legalmente v\u00e1lidos sob a legisla\u00e7\u00e3o aplic\u00e1vel. Caso voc\u00ea seja menor de 18 anos, por favor, solicite autoriza\u00e7\u00e3o do seu respons\u00e1vel legal.<\/p>\n<p><strong>Licen\u00e7a<\/strong><\/p>\n<p>A Sempre IT concede a voc\u00ea uma licen\u00e7a limitada, n\u00e3o-exclusiva, intransfer\u00edvel, revog\u00e1vel e n\u00e3o pass\u00edvel de cess\u00e3o, autorizando-o a visualizar e realizar downloads tempor\u00e1rios de uma c\u00f3pia dos materiais exibidos no Site. Todos os materiais exibidos ou disponibilizados no Site, incluindo, sem limita\u00e7\u00e3o, gr\u00e1ficos, documentos, textos, sons, v\u00eddeo, \u00e1udio, obras de arte, software e c\u00f3digo HTML (coletivamente, o &#8220;Material&#8221;) s\u00e3o de propriedade exclusiva da Sempre IT e dos seus Parceiros de seus de conte\u00fado, os quais reservam a si todos os seus direitos de propriedade intelectual.<\/p>\n<p>Os Materiais s\u00e3o protegidos pelas leis de direitos autorais e outras regras, regulamentos e legisla\u00e7\u00f5es brasileiras, americanas e internacionais de propriedade intelectual aplic\u00e1veis. Exceto conforme permitido no presente instrumento, voc\u00ea n\u00e3o poder\u00e1 (i) usar, copiar, modificar, exibir, apagar, distribuir, realizar download, arquivar, transmitir, publicar, vender, revender, adaptar, realizar engenharia reversa ou criar obras derivadas do Material, ou (ii) usar o Material em outros websites ou em quaisquer outros tipos de m\u00eddia, como, por exemplo, em ambientes de rede, sem o consentimento pr\u00e9vio e por escrito da Sempre IT e seus Parceiros.<\/p>\n<p>Todas as marcas comercias, marcas de servi\u00e7os e logotipos (as &#8220;Marcas&#8221;) exibidas no Site s\u00e3o de propriedade exclusiva da Sempre IT e de seus respectivos titulares. Voc\u00ea n\u00e3o poder\u00e1 usar as Marcas, de nenhuma forma, sem o consentimento pr\u00e9vio e por escrito da Sempre IT e de seus respectivos titulares.<\/p>\n<p><strong>Proibi\u00e7\u00f5es gerais<\/strong><\/p>\n<p>Com rela\u00e7\u00e3o ao seu Uso, voc\u00ea concorda em N\u00c3O:<\/p>\n<ul>\n<li>Violar quaisquer regras, regulamento ou legisla\u00e7\u00f5es aplic\u00e1veis, incluindo, sem limita\u00e7\u00e3o, legisla\u00e7\u00f5es e regulamentos de exporta\u00e7\u00e3o, leis contra discrimina\u00e7\u00e3o ou leis de igualdade.<\/li>\n<li>Violar quaisquer direitos de propriedade intelectual ou de privacidade, incluindo, sem limita\u00e7\u00e3o, patentes, direitos autorais, marcas ou segredos comerciais de quaisquer terceiros, incluindo a Sempre IT e seus parceiros;<\/li>\n<li>Carregar, publicar, transmitir ou armazenar qualquer material que:\n<ul>\n<li>Seja ilegal, ofensivo, difamat\u00f3rio, fraudulento, enganoso, danoso, amea\u00e7ador, constrangedor, obsceno ou inaceit\u00e1vel;<\/li>\n<li>Viole quaisquer de suas obriga\u00e7\u00f5es contratuais ou de confidencialidade;<\/li>\n<li>Perturbe ou interfira nas opera\u00e7\u00f5es normais do Site, tais como a publica\u00e7\u00e3o ou a transmiss\u00e3o de v\u00edrus, a publica\u00e7\u00e3o continuada de materiais repetidos;<\/li>\n<li>N\u00e3o seja permitido pela Sempre IT, incluindo, sem limita\u00e7\u00e3o, quaisquer materiais de publicidade n\u00e3o autorizada, materiais de propaganda n\u00e3o solicitada, &#8220;junk mail&#8221;, mensagens de spam, cartas em &#8220;corrente&#8221;, esquemas de pir\u00e2mide, franquias, distribui\u00e7\u00e3o, associa\u00e7\u00e3o em clubes, acordos de venda ou outros materiais n\u00e3o aceitos;<\/li>\n<li>Violar direitos de privacidade ou outros direitos de terceiros atrav\u00e9s do uso abusivo de Materiais, incluindo, sem limita\u00e7\u00e3o, atrav\u00e9s do constrangimento ou &#8220;persegui\u00e7\u00e3o&#8221; contra outra pessoa do envio de mensagens de e-mail n\u00e3o solicitadas ou da coleta de informa\u00e7\u00f5es pessoais de terceiros;<\/li>\n<li>Violar ou tentar violar quaisquer medidas de seguran\u00e7a do Site;<\/li>\n<li>Usar quaisquer dispositivos, processos ou mecanismos para monitorar, recuperar, pesquisar ou acessar dados do Site ou qualquer Material sem o consentimento pr\u00e9vio e por escrito da Sempre IT, atrav\u00e9s, por exemplo, de rob\u00f4s ou sistemas de varredura e armazenamento de dados (&#8220;spider&#8221;);<\/li>\n<li>Acessar ou tentar acessar qualquer conta ou identifica\u00e7\u00e3o de terceiros contida no Site;<\/li>\n<li>Copiar, modificar, reproduzir, apagar, distribuir, realizar download, armazenar, transmitir, vender, revender, publicar, realizar engenharia reversa ou criar obras derivadas de quaisquer Materiais, exceto materiais que tenham disponibilizados pela Sempre IT ou que sejam de sua propriedade;<\/li>\n<li>Publicar ou submeter qualquer informa\u00e7\u00e3o imprecisa, falsa ou incompleta, incluindo curr\u00edculo, informa\u00e7\u00f5es biogr\u00e1ficas ou informa\u00e7\u00f5es de emprego;<\/li>\n<li>Passar-se por outra pessoa ou organiza\u00e7\u00e3o;<\/li>\n<li>Adulterar qualquer informa\u00e7\u00e3o de cabe\u00e7alho em uma publica\u00e7\u00e3o ou mensagem eletr\u00f4nica;<\/li>\n<li>Fornecer falsa informa\u00e7\u00e3o sobre voc\u00ea, sua afilia\u00e7\u00e3o junto a um terceiro ou sua organiza\u00e7\u00e3o.<\/li>\n<\/ul>\n<\/li>\n<\/ul>\n<p><strong>Usos Espec\u00edficos E Responsabilidades<\/strong><\/p>\n<p>Al\u00e9m das responsabilidades gerais previstas na Item 5, voc\u00ea concorda em cumprir com os seguintes termos.<\/p>\n<p>Voc\u00ea concorda ainda em:<\/p>\n<ul>\n<li>Usar o Site somente para finalidades leg\u00edtimas a fim de conhecer as solu\u00e7\u00f5es, materiais e not\u00edcias da Sempre IT;<\/li>\n<li>Utilizar seu pr\u00f3prio discernimento, precau\u00e7\u00e3o e senso comum para a utiliza\u00e7\u00e3o do Site;<\/li>\n<\/ul>\n<p><strong>Links<\/strong><\/p>\n<p>O Site poder\u00e1 apresentar links, tais como hyperlinks, bot\u00f5es, direcionando o acesso a websites de terceiros (&#8220;Sites Ligados&#8221;). Os Sites Ligados poder\u00e3o n\u00e3o ser controlados ou monitorados pela Sempre IT. A Sempre IT n\u00e3o ser\u00e1 respons\u00e1vel pelos materiais, informa\u00e7\u00f5es ou conte\u00fado publicados em Sites Ligados, nem tampouco pela disponibilidade dos Sites Ligados. A inclus\u00e3o de Sites Ligados no Site n\u00e3o implica em nenhum relacionamento ou associa\u00e7\u00e3o entre a Sempre IT e o propriet\u00e1rio de Sites Ligados, nem tampouco qualquer endosso ou apoio ou patroc\u00ednio pela Sempre IT dos Sites Ligados. A Sempre IT inclui os Sites Ligados apenas para sua conveni\u00eancia.<\/p>\n<p>Voc\u00ea \u00e9 exclusivamente respons\u00e1vel por seu acesso aos Sites Ligados. Voc\u00ea utilizar\u00e1 seu pr\u00f3prio discernimento, precau\u00e7\u00e3o e senso comum na utiliza\u00e7\u00e3o de Sites Ligados, devendo conferir as pol\u00edticas de privacidade e os termos de uso aplic\u00e1veis de tais Sites Ligados, os quais poder\u00e3o ser diferentes dos termos contidos nestes Termos de Uso e na Pol\u00edtica de Privacidade da Sempre IT. A Sempre IT n\u00e3o aceita qualquer responsabilidade por tais pol\u00edticas de terceiros.<\/p>\n<p><strong>Privacidade<\/strong><\/p>\n<p>A Sempre IT utiliza cookies para melhor performance do seu Site, ao aceitar estes termos de uso, voc\u00ea automaticamente aceita todos os termos da pol\u00edtica de privacidade da Sempre IT, autorizando a Sempre IT a coletar, armazenar, utilizar e divulgar seus dados pessoais enviados por Voc\u00ea.<\/p>\n<p><strong>Como entrar em contato<\/strong><\/p>\n<p>Voc\u00ea pode entrar em contato para:<\/p>\n<ul>\n<li>Fazer perguntas ou coment\u00e1rios sobre esta Pol\u00edtica e nossas pr\u00e1ticas de privacidade e prote\u00e7\u00e3o de Dados Pessoais;<\/li>\n<li>Fazer uma reclama\u00e7\u00e3o;<\/li>\n<li>Confirma\u00e7\u00e3o da exist\u00eancia de tratamento de seus Dados Pessoais;<\/li>\n<li>Obter informa\u00e7\u00f5es sobre como acessar seus Dados Pessoais;<\/li>\n<li>Realizar a corre\u00e7\u00e3o de dados pessoais incompletos, inexatos ou desatualizados;<\/li>\n<li>Obter informa\u00e7\u00f5es sobre a anonimiza\u00e7\u00e3o, bloqueio ou elimina\u00e7\u00e3o de dados desnecess\u00e1rios, excessivos ou tratados em desconformidade com o disposto na legisla\u00e7\u00e3o vigente;<\/li>\n<li>Obter informa\u00e7\u00f5es sobre a portabilidade dos seus dados pessoais a outro fornecedor de servi\u00e7o ou produto, mediante requisi\u00e7\u00e3o expressa, em conformidade com a legisla\u00e7\u00e3o vigente;<\/li>\n<li>Solicitar a elimina\u00e7\u00e3o dos dados pessoais tratados com o seu consentimento, excetuando-se as hip\u00f3teses previstas na legisla\u00e7\u00e3o vigente;<\/li>\n<li>Solicitar detalhes das entidades p\u00fablicas e privadas com as quais realizamos o compartilhamento de seus Dados Pessoais;<\/li>\n<li>Obter informa\u00e7\u00f5es sobre a possibilidade de n\u00e3o fornecer consentimento e sobre as consequ\u00eancias dessa negativa;<\/li>\n<li>Realizar a revoga\u00e7\u00e3o do consentimento para o tratamento dos seus Dados Pessoais, excetuando-se as hip\u00f3teses previstas na legisla\u00e7\u00e3o vigente;<\/li>\n<li>Demais direitos do titular dos dados pessoais, conforme legisla\u00e7\u00e3o vigente.<\/li>\n<\/ul>\n<p>Para isso, solicitamos que Voc\u00ea entre em contato conosco usando os seguintes canais:<\/p>\n<ul>\n<li><strong>Encarregado pelo Tratamento de Dados Pessoais:<\/strong>\n<ul>\n<li>Anderson Madruli &#8211; DPO<\/li>\n<li>anderson.madruli@sempresafe.com<\/li>\n<li>55 11 3567-3015<\/li>\n<\/ul>\n<\/li>\n<\/ul>\n<ul>\n<li><strong>Site:<\/strong>\n<ul>\n<li>sempreit.com.br<\/li>\n<\/ul>\n<\/li>\n<\/ul>\n<ul>\n<li><strong>Por telefone: <\/strong>\n<ul>\n<li>55 11 3567-3015<\/li>\n<\/ul>\n<\/li>\n<\/ul>\n<ul>\n<li><strong>Pessoalmente ou por correio convencional:<\/strong>\n<ul>\n<li>Rua George Ohm, 206\/230 &#8211; Torre A &#8211; Conjunto 113 &#8211; 11\u00ba andar &#8211; Cidade Mon\u00e7\u00f5es, S\u00e3o Paulo &#8211; SP, 04576-020<\/li>\n<\/ul>\n<\/li>\n<\/ul>\n<p>A Sempre IT receber\u00e1, investigar\u00e1 e responder\u00e1, dentro de um prazo considerado razo\u00e1vel, qualquer solicita\u00e7\u00e3o ou reclama\u00e7\u00e3o sobre a forma como N\u00f3s tratamos seus Dados Pessoais, incluindo reclama\u00e7\u00f5es sobre desrespeito aos seus direitos sob as leis de privacidade e prote\u00e7\u00e3o de Dados Pessoais vigentes.<\/p>","protected":false},"excerpt":{"rendered":"<p>Aceita\u00e7\u00e3o O site sempreit.com.br (o &#8220;site&#8221;) apresenta o documento (&#8220;termos de uso&#8221;) estabelecendo os termos e condi\u00e7\u00f5es aplic\u00e1veis ao uso do site. Por favor, revise os termos de uso cuidadosamente antes de utilizar o site. Ao acessar, navegar ou utilizar o site (&#8220;uso&#8221;), todos os usu\u00e1rios e visitantes (&#8220;voc\u00ea&#8221;, &#8220;voc\u00eas,&#8221; ou &#8220;usu\u00e1rio&#8221;) declaram aceitar os [&hellip;]<\/p>\n","protected":false},"author":15,"featured_media":0,"parent":0,"menu_order":0,"comment_status":"closed","ping_status":"closed","template":"","meta":{"_acf_changed":false,"footnotes":""},"class_list":["post-11315","page","type-page","status-publish","hentry"],"acf":[],"yoast_head":"<!-- This site is optimized with the Yoast SEO plugin v26.9 - https:\/\/yoast.com\/product\/yoast-seo-wordpress\/ -->\n<title>Termos de uso | Sempre IT<\/title>\n<meta name=\"robots\" content=\"index, follow, max-snippet:-1, max-image-preview:large, max-video-preview:-1\" \/>\n<link rel=\"canonical\" href=\"https:\/\/sempreit.com.br\/fr\/termos-de-uso\/\" \/>\n<meta property=\"og:locale\" content=\"fr_FR\" \/>\n<meta property=\"og:type\" content=\"article\" \/>\n<meta property=\"og:title\" content=\"Termos de uso | Sempre IT\" \/>\n<meta property=\"og:description\" content=\"Aceita\u00e7\u00e3o O site sempreit.com.br (o &#8220;site&#8221;) apresenta o documento (&#8220;termos de uso&#8221;) estabelecendo os termos e condi\u00e7\u00f5es aplic\u00e1veis ao uso do site. Por favor, revise os termos de uso cuidadosamente antes de utilizar o site. Ao acessar, navegar ou utilizar o site (&#8220;uso&#8221;), todos os usu\u00e1rios e visitantes (&#8220;voc\u00ea&#8221;, &#8220;voc\u00eas,&#8221; ou &#8220;usu\u00e1rio&#8221;) declaram aceitar os [&hellip;]\" \/>\n<meta property=\"og:url\" content=\"https:\/\/sempreit.com.br\/fr\/termos-de-uso\/\" \/>\n<meta property=\"og:site_name\" content=\"Sempre IT\" \/>\n<meta property=\"article:modified_time\" content=\"2026-03-20T18:46:41+00:00\" \/>\n<meta name=\"twitter:card\" content=\"summary_large_image\" \/>\n<meta name=\"twitter:label1\" content=\"Dur\u00e9e de lecture estim\u00e9e\" \/>\n\t<meta name=\"twitter:data1\" content=\"8 minutes\" \/>\n<script type=\"application\/ld+json\" class=\"yoast-schema-graph\">{\"@context\":\"https:\/\/schema.org\",\"@graph\":[{\"@type\":\"WebPage\",\"@id\":\"https:\/\/sempreit.com.br\/termos-de-uso\/\",\"url\":\"https:\/\/sempreit.com.br\/termos-de-uso\/\",\"name\":\"Termos de uso | Sempre IT\",\"isPartOf\":{\"@id\":\"https:\/\/sempreit.com.br\/#website\"},\"datePublished\":\"2021-04-08T20:28:48+00:00\",\"dateModified\":\"2026-03-20T18:46:41+00:00\",\"breadcrumb\":{\"@id\":\"https:\/\/sempreit.com.br\/termos-de-uso\/#breadcrumb\"},\"inLanguage\":\"fr-FR\",\"potentialAction\":[{\"@type\":\"ReadAction\",\"target\":[\"https:\/\/sempreit.com.br\/termos-de-uso\/\"]}]},{\"@type\":\"BreadcrumbList\",\"@id\":\"https:\/\/sempreit.com.br\/termos-de-uso\/#breadcrumb\",\"itemListElement\":[{\"@type\":\"ListItem\",\"position\":1,\"name\":\"In\u00edcio\",\"item\":\"https:\/\/sempreit.com.br\/\"},{\"@type\":\"ListItem\",\"position\":2,\"name\":\"Termos de uso\"}]},{\"@type\":\"WebSite\",\"@id\":\"https:\/\/sempreit.com.br\/#website\",\"url\":\"https:\/\/sempreit.com.br\/\",\"name\":\"Sempre IT\",\"description\":\"\",\"publisher\":{\"@id\":\"https:\/\/sempreit.com.br\/#organization\"},\"potentialAction\":[{\"@type\":\"SearchAction\",\"target\":{\"@type\":\"EntryPoint\",\"urlTemplate\":\"https:\/\/sempreit.com.br\/?s={search_term_string}\"},\"query-input\":{\"@type\":\"PropertyValueSpecification\",\"valueRequired\":true,\"valueName\":\"search_term_string\"}}],\"inLanguage\":\"fr-FR\"},{\"@type\":\"Organization\",\"@id\":\"https:\/\/sempreit.com.br\/#organization\",\"name\":\"Sempre IT\",\"url\":\"https:\/\/sempreit.com.br\/\",\"logo\":{\"@type\":\"ImageObject\",\"inLanguage\":\"fr-FR\",\"@id\":\"https:\/\/sempreit.com.br\/#\/schema\/logo\/image\/\",\"url\":\"https:\/\/sempreit.com.br\/wp-content\/uploads\/2025\/12\/Lobo.png\",\"contentUrl\":\"https:\/\/sempreit.com.br\/wp-content\/uploads\/2025\/12\/Lobo.png\",\"width\":552,\"height\":677,\"caption\":\"Sempre IT\"},\"image\":{\"@id\":\"https:\/\/sempreit.com.br\/#\/schema\/logo\/image\/\"}}]}<\/script>\n<!-- \/ Yoast SEO plugin. -->","yoast_head_json":{"title":"Termos de uso | Sempre IT","robots":{"index":"index","follow":"follow","max-snippet":"max-snippet:-1","max-image-preview":"max-image-preview:large","max-video-preview":"max-video-preview:-1"},"canonical":"https:\/\/sempreit.com.br\/fr\/termos-de-uso\/","og_locale":"fr_FR","og_type":"article","og_title":"Termos de uso | Sempre IT","og_description":"Aceita\u00e7\u00e3o O site sempreit.com.br (o &#8220;site&#8221;) apresenta o documento (&#8220;termos de uso&#8221;) estabelecendo os termos e condi\u00e7\u00f5es aplic\u00e1veis ao uso do site. Por favor, revise os termos de uso cuidadosamente antes de utilizar o site. Ao acessar, navegar ou utilizar o site (&#8220;uso&#8221;), todos os usu\u00e1rios e visitantes (&#8220;voc\u00ea&#8221;, &#8220;voc\u00eas,&#8221; ou &#8220;usu\u00e1rio&#8221;) declaram aceitar os [&hellip;]","og_url":"https:\/\/sempreit.com.br\/fr\/termos-de-uso\/","og_site_name":"Sempre IT","article_modified_time":"2026-03-20T18:46:41+00:00","twitter_card":"summary_large_image","twitter_misc":{"Dur\u00e9e de lecture estim\u00e9e":"8 minutes"},"schema":{"@context":"https:\/\/schema.org","@graph":[{"@type":"WebPage","@id":"https:\/\/sempreit.com.br\/termos-de-uso\/","url":"https:\/\/sempreit.com.br\/termos-de-uso\/","name":"Termos de uso | Sempre IT","isPartOf":{"@id":"https:\/\/sempreit.com.br\/#website"},"datePublished":"2021-04-08T20:28:48+00:00","dateModified":"2026-03-20T18:46:41+00:00","breadcrumb":{"@id":"https:\/\/sempreit.com.br\/termos-de-uso\/#breadcrumb"},"inLanguage":"fr-FR","potentialAction":[{"@type":"ReadAction","target":["https:\/\/sempreit.com.br\/termos-de-uso\/"]}]},{"@type":"BreadcrumbList","@id":"https:\/\/sempreit.com.br\/termos-de-uso\/#breadcrumb","itemListElement":[{"@type":"ListItem","position":1,"name":"In\u00edcio","item":"https:\/\/sempreit.com.br\/"},{"@type":"ListItem","position":2,"name":"Termos de uso"}]},{"@type":"WebSite","@id":"https:\/\/sempreit.com.br\/#website","url":"https:\/\/sempreit.com.br\/","name":"Sempre IT","description":"","publisher":{"@id":"https:\/\/sempreit.com.br\/#organization"},"potentialAction":[{"@type":"SearchAction","target":{"@type":"EntryPoint","urlTemplate":"https:\/\/sempreit.com.br\/?s={search_term_string}"},"query-input":{"@type":"PropertyValueSpecification","valueRequired":true,"valueName":"search_term_string"}}],"inLanguage":"fr-FR"},{"@type":"Organization","@id":"https:\/\/sempreit.com.br\/#organization","name":"Sempre IT","url":"https:\/\/sempreit.com.br\/","logo":{"@type":"ImageObject","inLanguage":"fr-FR","@id":"https:\/\/sempreit.com.br\/#\/schema\/logo\/image\/","url":"https:\/\/sempreit.com.br\/wp-content\/uploads\/2025\/12\/Lobo.png","contentUrl":"https:\/\/sempreit.com.br\/wp-content\/uploads\/2025\/12\/Lobo.png","width":552,"height":677,"caption":"Sempre IT"},"image":{"@id":"https:\/\/sempreit.com.br\/#\/schema\/logo\/image\/"}}]}},"_links":{"self":[{"href":"https:\/\/sempreit.com.br\/fr\/wp-json\/wp\/v2\/pages\/11315","targetHints":{"allow":["GET"]}}],"collection":[{"href":"https:\/\/sempreit.com.br\/fr\/wp-json\/wp\/v2\/pages"}],"about":[{"href":"https:\/\/sempreit.com.br\/fr\/wp-json\/wp\/v2\/types\/page"}],"author":[{"embeddable":true,"href":"https:\/\/sempreit.com.br\/fr\/wp-json\/wp\/v2\/users\/15"}],"replies":[{"embeddable":true,"href":"https:\/\/sempreit.com.br\/fr\/wp-json\/wp\/v2\/comments?post=11315"}],"version-history":[{"count":4,"href":"https:\/\/sempreit.com.br\/fr\/wp-json\/wp\/v2\/pages\/11315\/revisions"}],"predecessor-version":[{"id":13341,"href":"https:\/\/sempreit.com.br\/fr\/wp-json\/wp\/v2\/pages\/11315\/revisions\/13341"}],"wp:attachment":[{"href":"https:\/\/sempreit.com.br\/fr\/wp-json\/wp\/v2\/media?parent=11315"}],"curies":[{"name":"wp","href":"https:\/\/api.w.org\/{rel}","templated":true}]}}