{"id":12357,"date":"2023-11-08T17:40:19","date_gmt":"2023-11-08T20:40:19","guid":{"rendered":"https:\/\/sempreit.com.br\/?page_id=12357"},"modified":"2023-11-09T16:09:30","modified_gmt":"2023-11-09T19:09:30","slug":"iris","status":"publish","type":"page","link":"https:\/\/sempreit.com.br\/en\/iris\/","title":{"rendered":"Iris"},"content":{"rendered":"<div data-elementor-type=\"wp-page\" data-elementor-id=\"12357\" class=\"elementor elementor-12357\" data-elementor-post-type=\"page\">\n\t\t\t\t\t\t<section class=\"elementor-section elementor-top-section elementor-element elementor-element-181d899 elementor-section-full_width elementor-section-height-default elementor-section-height-default\" data-id=\"181d899\" data-element_type=\"section\" data-e-type=\"section\" data-settings=\"{&quot;jet_parallax_layout_list&quot;:[]}\">\n\t\t\t\t\t\t<div class=\"elementor-container elementor-column-gap-default\">\n\t\t\t\t\t<div class=\"elementor-column elementor-col-100 elementor-top-column elementor-element elementor-element-997535b\" data-id=\"997535b\" data-element_type=\"column\" data-e-type=\"column\">\n\t\t\t<div class=\"elementor-widget-wrap elementor-element-populated\">\n\t\t\t\t\t\t<div class=\"elementor-element elementor-element-c6344f7 elementor-widget elementor-widget-html\" data-id=\"c6344f7\" data-element_type=\"widget\" data-e-type=\"widget\" data-widget_type=\"html.default\">\n\t\t\t\t<div class=\"elementor-widget-container\">\n\t\t\t\t\t<div class=\"iris-header\">\n        <img decoding=\"async\" class=\"bg\" src=\"https:\/\/sempreit.com.br\/wp-content\/uploads\/2023\/11\/hero.webp\">\n        <img decoding=\"async\" class=\"logo\" src=\"https:\/\/sempreit.com.br\/wp-content\/uploads\/2023\/11\/logo_iris.svg\">\n        <p>A solu\u00e7\u00e3o em gest\u00e3o<br>de conflitos<\/p>\n    <\/div>\n\n    <div class=\"iris-results\">\n       <div>\n            <span class=\"hexagon bg-blue\">\n                <p>Uniformizar aplica\u00e7\u00e3o do procedimento e das <b>melhores pr\u00e1ticas de media\u00e7\u00e3o<\/b><\/p>\n            <\/span>\n            <span class=\"hexagon bg-green\">\n                <p>Comparar dados estrat\u00e9gicos por <b>temas e per\u00edodos <\/b><\/p>\n            <\/span>\n            <span class=\"hexagon bg-blue\">\n                <p><b>Permitir compara\u00e7\u00e3o de dados<\/b> por unidades, regi\u00f5es e \u00e1reas espec\u00edficas<\/p>\n            <\/span>\n            <span class=\"hexagon bg-green\">\n                <p>Incluir <b>novos indicadores<\/b><\/p>\n            <\/span>\n            <span class=\"hexagon bg-green\">\n                <p><b>Acompanhar individualmente<\/b> o desempenho dos mediadores<\/p>\n            <\/span>\n            <img decoding=\"async\" src=\"https:\/\/sempreit.com.br\/wp-content\/uploads\/2023\/11\/ilustracao.webp\">\n        <\/div>\n    <\/div>\n\n    <div class=\"iris-app\">\n        <img decoding=\"async\" src=\"http:\/\/sempreit.doois.com.br\/wp-content\/uploads\/2023\/10\/laptop.webp\">\n        <span>\n            <img decoding=\"async\" src=\"http:\/\/sempreit.doois.com.br\/wp-content\/uploads\/2023\/10\/icon1.webp\">\n            <p>Acompanhamento com <b>dashboard de indicadores<\/b><\/p>\n        <\/span>\n        <span>\n            <img decoding=\"async\" src=\"https:\/\/sempreit.com.br\/wp-content\/uploads\/2023\/11\/icon2.webp\">\n            <p>Gest\u00e3o de Sess\u00f5es de Media\u00e7\u00e3o - <b>acompanhamento de cada etapa do procedimento<\/b> e automatiza\u00e7\u00e3o das atas<\/p>\n        <\/span>\n        <span>\n            <img decoding=\"async\" src=\"https:\/\/sempreit.com.br\/wp-content\/uploads\/2023\/11\/icon3.webp\">\n            <p>Trazer mais efici\u00eancia e aprimoramento nas <b>rela\u00e7\u00f5es entre as unidades, regi\u00f5es e \u00e1reas<\/b><\/p>\n        <\/span>\n        <span>\n            <img decoding=\"async\" src=\"https:\/\/sempreit.com.br\/wp-content\/uploads\/2023\/11\/icon4.webp\">\n            <p>Gerenciamento da <b>comunica\u00e7\u00e3o institucional<\/b><\/p>\n        <\/span>\n    <\/div>\n\n    <div class=\"iris-dev\">\n        <h1>desenvolvido por<\/h1>\n        <div>\n            <div>\n                <figure class=\"hexagon\">\n                    <img decoding=\"async\" src=\"https:\/\/sempreit.com.br\/wp-content\/uploads\/2023\/11\/logo_ambar.webp\">\n                <\/figure>\n                <p><b>Empresa especializada na capacita\u00e7\u00e3o de profissionais a resolverem conflitos<\/b> de forma eficiente por meio da Media\u00e7\u00e3o. Hoje j\u00e1 estamos em mais de 40 empresas, levando a cultura de paz para o \u00e2mbito corporativo e capacitando profissionais para Media\u00e7\u00e3o.<\/p>\n            <\/div>\n            <div>\n                <figure class=\"hexagon\">\n                    <img decoding=\"async\" src=\"https:\/\/sempreit.com.br\/wp-content\/uploads\/2023\/11\/logo_sempreit.webp\">\n                <\/figure>\n                <p>A unique technology consulting company, which focuses on the real needs of its clients, experiences the business of each one of them, deeply understands case by case and develops pragmatic solutions, creating high positive impact on results.<\/p>\n                <p><b>Guiando e implantando solu\u00e7\u00f5es de Qualidade, Infra&Cloud e GRC.<\/b><\/p>\n            <\/div>\n        <\/div>\n    <\/div>\n\n    <div class=\"iris-footer\">\n        <p>Gostaria de mais informa\u00e7\u00f5es?<\/p>\n        <a href=\"https:\/\/sempreit.com.br\/en\/contato\/\">fale com um especialista<\/a>\n    <\/div>\t\t\t\t<\/div>\n\t\t\t\t<\/div>\n\t\t\t\t\t<\/div>\n\t\t<\/div>\n\t\t\t\t\t<\/div>\n\t\t<\/section>\n\t\t\t\t<\/div>","protected":false},"excerpt":{"rendered":"<p>A solu\u00e7\u00e3o em gest\u00e3ode conflitos Uniformizar aplica\u00e7\u00e3o do procedimento e das melhores pr\u00e1ticas de media\u00e7\u00e3o Comparar dados estrat\u00e9gicos por temas e per\u00edodos Permitir compara\u00e7\u00e3o de dados por unidades, regi\u00f5es e \u00e1reas espec\u00edficas Incluir novos indicadores Acompanhar individualmente o desempenho dos mediadores Acompanhamento com dashboard de indicadores Gest\u00e3o de Sess\u00f5es de Media\u00e7\u00e3o &#8211; acompanhamento de cada [&hellip;]<\/p>\n","protected":false},"author":15,"featured_media":0,"parent":0,"menu_order":0,"comment_status":"closed","ping_status":"closed","template":"","meta":{"_acf_changed":false,"footnotes":""},"class_list":["post-12357","page","type-page","status-publish","hentry"],"acf":[],"yoast_head":"<!-- This site is optimized with the Yoast SEO plugin v26.9 - https:\/\/yoast.com\/product\/yoast-seo-wordpress\/ -->\n<title>Iris | Sempre IT<\/title>\n<meta name=\"robots\" content=\"index, follow, max-snippet:-1, max-image-preview:large, max-video-preview:-1\" \/>\n<link rel=\"canonical\" href=\"https:\/\/sempreit.com.br\/en\/iris\/\" \/>\n<meta property=\"og:locale\" content=\"en_US\" \/>\n<meta property=\"og:type\" content=\"article\" \/>\n<meta property=\"og:title\" content=\"Iris | Sempre IT\" \/>\n<meta property=\"og:description\" content=\"A solu\u00e7\u00e3o em gest\u00e3ode conflitos Uniformizar aplica\u00e7\u00e3o do procedimento e das melhores pr\u00e1ticas de media\u00e7\u00e3o Comparar dados estrat\u00e9gicos por temas e per\u00edodos Permitir compara\u00e7\u00e3o de dados por unidades, regi\u00f5es e \u00e1reas espec\u00edficas Incluir novos indicadores Acompanhar individualmente o desempenho dos mediadores Acompanhamento com dashboard de indicadores Gest\u00e3o de Sess\u00f5es de Media\u00e7\u00e3o &#8211; acompanhamento de cada [&hellip;]\" \/>\n<meta property=\"og:url\" content=\"https:\/\/sempreit.com.br\/en\/iris\/\" \/>\n<meta property=\"og:site_name\" content=\"Sempre IT\" \/>\n<meta property=\"article:modified_time\" content=\"2023-11-09T19:09:30+00:00\" \/>\n<meta property=\"og:image\" content=\"https:\/\/sempreit.com.br\/wp-content\/uploads\/2023\/11\/hero.webp\" \/>\n<meta name=\"twitter:card\" content=\"summary_large_image\" \/>\n<meta name=\"twitter:label1\" content=\"Est. reading time\" \/>\n\t<meta name=\"twitter:data1\" content=\"3 minutes\" \/>\n<script type=\"application\/ld+json\" class=\"yoast-schema-graph\">{\"@context\":\"https:\/\/schema.org\",\"@graph\":[{\"@type\":\"WebPage\",\"@id\":\"https:\/\/sempreit.com.br\/iris\/\",\"url\":\"https:\/\/sempreit.com.br\/iris\/\",\"name\":\"Iris | Sempre IT\",\"isPartOf\":{\"@id\":\"https:\/\/sempreit.com.br\/#website\"},\"primaryImageOfPage\":{\"@id\":\"https:\/\/sempreit.com.br\/iris\/#primaryimage\"},\"image\":{\"@id\":\"https:\/\/sempreit.com.br\/iris\/#primaryimage\"},\"thumbnailUrl\":\"https:\/\/sempreit.com.br\/wp-content\/uploads\/2023\/11\/hero.webp\",\"datePublished\":\"2023-11-08T20:40:19+00:00\",\"dateModified\":\"2023-11-09T19:09:30+00:00\",\"breadcrumb\":{\"@id\":\"https:\/\/sempreit.com.br\/iris\/#breadcrumb\"},\"inLanguage\":\"en\",\"potentialAction\":[{\"@type\":\"ReadAction\",\"target\":[\"https:\/\/sempreit.com.br\/iris\/\"]}]},{\"@type\":\"ImageObject\",\"inLanguage\":\"en\",\"@id\":\"https:\/\/sempreit.com.br\/iris\/#primaryimage\",\"url\":\"https:\/\/sempreit.com.br\/wp-content\/uploads\/2023\/11\/hero.webp\",\"contentUrl\":\"https:\/\/sempreit.com.br\/wp-content\/uploads\/2023\/11\/hero.webp\"},{\"@type\":\"BreadcrumbList\",\"@id\":\"https:\/\/sempreit.com.br\/iris\/#breadcrumb\",\"itemListElement\":[{\"@type\":\"ListItem\",\"position\":1,\"name\":\"In\u00edcio\",\"item\":\"https:\/\/sempreit.com.br\/\"},{\"@type\":\"ListItem\",\"position\":2,\"name\":\"Iris\"}]},{\"@type\":\"WebSite\",\"@id\":\"https:\/\/sempreit.com.br\/#website\",\"url\":\"https:\/\/sempreit.com.br\/\",\"name\":\"Sempre IT\",\"description\":\"\",\"publisher\":{\"@id\":\"https:\/\/sempreit.com.br\/#organization\"},\"potentialAction\":[{\"@type\":\"SearchAction\",\"target\":{\"@type\":\"EntryPoint\",\"urlTemplate\":\"https:\/\/sempreit.com.br\/?s={search_term_string}\"},\"query-input\":{\"@type\":\"PropertyValueSpecification\",\"valueRequired\":true,\"valueName\":\"search_term_string\"}}],\"inLanguage\":\"en\"},{\"@type\":\"Organization\",\"@id\":\"https:\/\/sempreit.com.br\/#organization\",\"name\":\"Sempre IT\",\"url\":\"https:\/\/sempreit.com.br\/\",\"logo\":{\"@type\":\"ImageObject\",\"inLanguage\":\"en\",\"@id\":\"https:\/\/sempreit.com.br\/#\/schema\/logo\/image\/\",\"url\":\"https:\/\/sempreit.com.br\/wp-content\/uploads\/2025\/12\/Lobo.png\",\"contentUrl\":\"https:\/\/sempreit.com.br\/wp-content\/uploads\/2025\/12\/Lobo.png\",\"width\":552,\"height\":677,\"caption\":\"Sempre IT\"},\"image\":{\"@id\":\"https:\/\/sempreit.com.br\/#\/schema\/logo\/image\/\"}}]}<\/script>\n<!-- \/ Yoast SEO plugin. -->","yoast_head_json":{"title":"Iris | Sempre IT","robots":{"index":"index","follow":"follow","max-snippet":"max-snippet:-1","max-image-preview":"max-image-preview:large","max-video-preview":"max-video-preview:-1"},"canonical":"https:\/\/sempreit.com.br\/en\/iris\/","og_locale":"en_US","og_type":"article","og_title":"Iris | Sempre IT","og_description":"A solu\u00e7\u00e3o em gest\u00e3ode conflitos Uniformizar aplica\u00e7\u00e3o do procedimento e das melhores pr\u00e1ticas de media\u00e7\u00e3o Comparar dados estrat\u00e9gicos por temas e per\u00edodos Permitir compara\u00e7\u00e3o de dados por unidades, regi\u00f5es e \u00e1reas espec\u00edficas Incluir novos indicadores Acompanhar individualmente o desempenho dos mediadores Acompanhamento com dashboard de indicadores Gest\u00e3o de Sess\u00f5es de Media\u00e7\u00e3o &#8211; acompanhamento de cada [&hellip;]","og_url":"https:\/\/sempreit.com.br\/en\/iris\/","og_site_name":"Sempre IT","article_modified_time":"2023-11-09T19:09:30+00:00","og_image":[{"url":"https:\/\/sempreit.com.br\/wp-content\/uploads\/2023\/11\/hero.webp","type":"","width":"","height":""}],"twitter_card":"summary_large_image","twitter_misc":{"Est. reading time":"3 minutes"},"schema":{"@context":"https:\/\/schema.org","@graph":[{"@type":"WebPage","@id":"https:\/\/sempreit.com.br\/iris\/","url":"https:\/\/sempreit.com.br\/iris\/","name":"Iris | Sempre IT","isPartOf":{"@id":"https:\/\/sempreit.com.br\/#website"},"primaryImageOfPage":{"@id":"https:\/\/sempreit.com.br\/iris\/#primaryimage"},"image":{"@id":"https:\/\/sempreit.com.br\/iris\/#primaryimage"},"thumbnailUrl":"https:\/\/sempreit.com.br\/wp-content\/uploads\/2023\/11\/hero.webp","datePublished":"2023-11-08T20:40:19+00:00","dateModified":"2023-11-09T19:09:30+00:00","breadcrumb":{"@id":"https:\/\/sempreit.com.br\/iris\/#breadcrumb"},"inLanguage":"en","potentialAction":[{"@type":"ReadAction","target":["https:\/\/sempreit.com.br\/iris\/"]}]},{"@type":"ImageObject","inLanguage":"en","@id":"https:\/\/sempreit.com.br\/iris\/#primaryimage","url":"https:\/\/sempreit.com.br\/wp-content\/uploads\/2023\/11\/hero.webp","contentUrl":"https:\/\/sempreit.com.br\/wp-content\/uploads\/2023\/11\/hero.webp"},{"@type":"BreadcrumbList","@id":"https:\/\/sempreit.com.br\/iris\/#breadcrumb","itemListElement":[{"@type":"ListItem","position":1,"name":"In\u00edcio","item":"https:\/\/sempreit.com.br\/"},{"@type":"ListItem","position":2,"name":"Iris"}]},{"@type":"WebSite","@id":"https:\/\/sempreit.com.br\/#website","url":"https:\/\/sempreit.com.br\/","name":"Sempre IT","description":"","publisher":{"@id":"https:\/\/sempreit.com.br\/#organization"},"potentialAction":[{"@type":"SearchAction","target":{"@type":"EntryPoint","urlTemplate":"https:\/\/sempreit.com.br\/?s={search_term_string}"},"query-input":{"@type":"PropertyValueSpecification","valueRequired":true,"valueName":"search_term_string"}}],"inLanguage":"en"},{"@type":"Organization","@id":"https:\/\/sempreit.com.br\/#organization","name":"Sempre IT","url":"https:\/\/sempreit.com.br\/","logo":{"@type":"ImageObject","inLanguage":"en","@id":"https:\/\/sempreit.com.br\/#\/schema\/logo\/image\/","url":"https:\/\/sempreit.com.br\/wp-content\/uploads\/2025\/12\/Lobo.png","contentUrl":"https:\/\/sempreit.com.br\/wp-content\/uploads\/2025\/12\/Lobo.png","width":552,"height":677,"caption":"Sempre IT"},"image":{"@id":"https:\/\/sempreit.com.br\/#\/schema\/logo\/image\/"}}]}},"_links":{"self":[{"href":"https:\/\/sempreit.com.br\/en\/wp-json\/wp\/v2\/pages\/12357","targetHints":{"allow":["GET"]}}],"collection":[{"href":"https:\/\/sempreit.com.br\/en\/wp-json\/wp\/v2\/pages"}],"about":[{"href":"https:\/\/sempreit.com.br\/en\/wp-json\/wp\/v2\/types\/page"}],"author":[{"embeddable":true,"href":"https:\/\/sempreit.com.br\/en\/wp-json\/wp\/v2\/users\/15"}],"replies":[{"embeddable":true,"href":"https:\/\/sempreit.com.br\/en\/wp-json\/wp\/v2\/comments?post=12357"}],"version-history":[{"count":15,"href":"https:\/\/sempreit.com.br\/en\/wp-json\/wp\/v2\/pages\/12357\/revisions"}],"predecessor-version":[{"id":12388,"href":"https:\/\/sempreit.com.br\/en\/wp-json\/wp\/v2\/pages\/12357\/revisions\/12388"}],"wp:attachment":[{"href":"https:\/\/sempreit.com.br\/en\/wp-json\/wp\/v2\/media?parent=12357"}],"curies":[{"name":"wp","href":"https:\/\/api.w.org\/{rel}","templated":true}]}}